{"id":12639,"date":"2023-10-01T09:35:24","date_gmt":"2023-10-01T13:35:24","guid":{"rendered":"https:\/\/webwin.ca\/?page_id=12639"},"modified":"2024-08-12T12:45:26","modified_gmt":"2024-08-12T16:45:26","slug":"contactez-nous","status":"publish","type":"page","link":"https:\/\/webwin.ca\/fr\/contactez-nous\/","title":{"rendered":"Contactez-nous"},"content":{"rendered":"\t\t<div data-elementor-type=\"wp-page\" data-elementor-id=\"12639\" class=\"elementor elementor-12639 elementor-21\" data-elementor-settings=\"{&quot;element_pack_global_tooltip_width&quot;:{&quot;unit&quot;:&quot;px&quot;,&quot;size&quot;:&quot;&quot;,&quot;sizes&quot;:[]},&quot;element_pack_global_tooltip_width_tablet&quot;:{&quot;unit&quot;:&quot;px&quot;,&quot;size&quot;:&quot;&quot;,&quot;sizes&quot;:[]},&quot;element_pack_global_tooltip_width_mobile&quot;:{&quot;unit&quot;:&quot;px&quot;,&quot;size&quot;:&quot;&quot;,&quot;sizes&quot;:[]},&quot;element_pack_global_tooltip_padding&quot;:{&quot;unit&quot;:&quot;px&quot;,&quot;top&quot;:&quot;&quot;,&quot;right&quot;:&quot;&quot;,&quot;bottom&quot;:&quot;&quot;,&quot;left&quot;:&quot;&quot;,&quot;isLinked&quot;:true},&quot;element_pack_global_tooltip_padding_tablet&quot;:{&quot;unit&quot;:&quot;px&quot;,&quot;top&quot;:&quot;&quot;,&quot;right&quot;:&quot;&quot;,&quot;bottom&quot;:&quot;&quot;,&quot;left&quot;:&quot;&quot;,&quot;isLinked&quot;:true},&quot;element_pack_global_tooltip_padding_mobile&quot;:{&quot;unit&quot;:&quot;px&quot;,&quot;top&quot;:&quot;&quot;,&quot;right&quot;:&quot;&quot;,&quot;bottom&quot;:&quot;&quot;,&quot;left&quot;:&quot;&quot;,&quot;isLinked&quot;:true},&quot;element_pack_global_tooltip_border_radius&quot;:{&quot;unit&quot;:&quot;px&quot;,&quot;top&quot;:&quot;&quot;,&quot;right&quot;:&quot;&quot;,&quot;bottom&quot;:&quot;&quot;,&quot;left&quot;:&quot;&quot;,&quot;isLinked&quot;:true},&quot;element_pack_global_tooltip_border_radius_tablet&quot;:{&quot;unit&quot;:&quot;px&quot;,&quot;top&quot;:&quot;&quot;,&quot;right&quot;:&quot;&quot;,&quot;bottom&quot;:&quot;&quot;,&quot;left&quot;:&quot;&quot;,&quot;isLinked&quot;:true},&quot;element_pack_global_tooltip_border_radius_mobile&quot;:{&quot;unit&quot;:&quot;px&quot;,&quot;top&quot;:&quot;&quot;,&quot;right&quot;:&quot;&quot;,&quot;bottom&quot;:&quot;&quot;,&quot;left&quot;:&quot;&quot;,&quot;isLinked&quot;:true}}\" data-elementor-post-type=\"page\">\n\t\t\t\t<div class=\"elementor-element elementor-element-3ebc889 w_lottie_code e-flex e-con-boxed e-con e-parent\" data-id=\"3ebc889\" data-element_type=\"container\">\n\t\t\t\t\t<div class=\"e-con-inner\">\n\t\t\t\t<div class=\"elementor-element elementor-element-32f2207 elementor-widget elementor-widget-html\" data-id=\"32f2207\" data-element_type=\"widget\" data-widget_type=\"html.default\">\n\t\t\t\t<div class=\"elementor-widget-container\">\n\t\t\t\t\t<script type=\"module\">\nimport { DotLottie } from \"https:\/\/cdn.jsdelivr.net\/npm\/@lottiefiles\/dotlottie-web\/+esm\";\ncreateLottieAnimation(\"w_Message\", 500,  true);\ncreateLottieAnimation(\"w_phone\", 1000,  true);\ncreateLottieAnimation(\"w_Location\", 1500, true);\n\n\/\/ constructor\nfunction createLottieAnimation(canvasId, delay = 0, autoplay = false, loop = false , hoverplay = true) {\n    const canvasTag = document.getElementById(canvasId);\n\t\tconst animationSource = w_url + canvasId + \".lottie\";\n    if (canvasTag) {\n        \/\/ Create a private DotLottie instance\n        const wLottie = new DotLottie({\n            autoplay,\n            loop,\n            canvas: canvasTag,\n            src: animationSource,\n        });\n        let playedOnce = false; \/\/ Flag to track if animation has played\n        \n        \/\/ IntersectionObserver API to detect element visibility\n        const observer = new IntersectionObserver((entries) => {\n        if (entries[0].isIntersecting && !playedOnce) {\n          setTimeout(() => {\n            wLottie.play();\n            playedOnce = true; \/\/ Mark animation played\n          }, delay);\n        }\n        }, {\n        \/\/ Options for IntersectionObserver\n        threshold: 0.5, \/\/ Observe when 50% of the element is visible\n        });\n        \n        if(hoverplay){\n            \/\/ Start observing the element\n            observer.observe(canvasTag);\n            \/\/ Add mouseover event listener to the canvas element\n            canvasTag.addEventListener(\"mouseover\", () => wLottie.play());\n            }\n        }\n    }\n<\/script>\t\t\t\t<\/div>\n\t\t\t\t<\/div>\n\t\t\t\t\t<\/div>\n\t\t\t\t<\/div>\n\t\t<div class=\"elementor-element elementor-element-7aa3f6d e-flex e-con-boxed e-con e-parent\" data-id=\"7aa3f6d\" data-element_type=\"container\" data-settings=\"{&quot;shape_divider_bottom&quot;:&quot;waves&quot;}\">\n\t\t\t\t\t<div class=\"e-con-inner\">\n\t\t\t\t<div class=\"elementor-shape elementor-shape-bottom\" aria-hidden=\"true\" data-negative=\"false\">\n\t\t\t<svg xmlns=\"http:\/\/www.w3.org\/2000\/svg\" viewBox=\"0 0 1000 100\" preserveAspectRatio=\"none\">\n\t<path class=\"elementor-shape-fill\" d=\"M421.9,6.5c22.6-2.5,51.5,0.4,75.5,5.3c23.6,4.9,70.9,23.5,100.5,35.7c75.8,32.2,133.7,44.5,192.6,49.7\n\tc23.6,2.1,48.7,3.5,103.4-2.5c54.7-6,106.2-25.6,106.2-25.6V0H0v30.3c0,0,72,32.6,158.4,30.5c39.2-0.7,92.8-6.7,134-22.4\n\tc21.2-8.1,52.2-18.2,79.7-24.2C399.3,7.9,411.6,7.5,421.9,6.5z\"\/>\n<\/svg>\t\t<\/div>\n\t\t<div class=\"elementor-element elementor-element-e5f5d2c e-con-full e-flex e-con e-child\" data-id=\"e5f5d2c\" data-element_type=\"container\">\n\t\t\t\t<div class=\"elementor-element elementor-element-8306683 elementor-widget__width-inherit elementor-widget elementor-widget-heading\" data-id=\"8306683\" data-element_type=\"widget\" data-widget_type=\"heading.default\">\n\t\t\t\t<div class=\"elementor-widget-container\">\n\t\t\t\t\t<h3 class=\"elementor-heading-title elementor-size-default\">Le caf\u00e9 est offert<\/h3>\t\t\t\t<\/div>\n\t\t\t\t<\/div>\n\t\t\t\t<div class=\"elementor-element elementor-element-2e66789 elementor-widget__width-inherit elementor-widget elementor-widget-heading\" data-id=\"2e66789\" data-element_type=\"widget\" data-widget_type=\"heading.default\">\n\t\t\t\t<div class=\"elementor-widget-container\">\n\t\t\t\t\t<h2 class=\"elementor-heading-title elementor-size-default\">On Se Retrouve<\/h2>\t\t\t\t<\/div>\n\t\t\t\t<\/div>\n\t\t<div class=\"elementor-element elementor-element-2cf0bf0 e-con-full w_glass_bg e-flex elementor-invisible e-con e-child\" data-id=\"2cf0bf0\" data-element_type=\"container\" data-settings=\"{&quot;animation&quot;:&quot;fadeInUp&quot;}\">\n\t\t\t\t<div class=\"elementor-element elementor-element-400a751 elementor-widget elementor-widget-html\" data-id=\"400a751\" data-element_type=\"widget\" data-widget_type=\"html.default\">\n\t\t\t\t<div class=\"elementor-widget-container\">\n\t\t\t\t\t    <canvas id=\"w_Message\" style=\"height:150px\" ><\/canvas>\n\t\t\t\t<\/div>\n\t\t\t\t<\/div>\n\t\t\t\t<div class=\"elementor-element elementor-element-a3de92f elementor-widget elementor-widget-icon-box\" data-id=\"a3de92f\" data-element_type=\"widget\" data-widget_type=\"icon-box.default\">\n\t\t\t\t<div class=\"elementor-widget-container\">\n\t\t\t\t\t\t\t<div class=\"elementor-icon-box-wrapper\">\n\n\t\t\t\n\t\t\t\t\t\t<div class=\"elementor-icon-box-content\">\n\n\t\t\t\t\t\t\t\t\t<h3 class=\"elementor-icon-box-title\">\n\t\t\t\t\t\t<a href=\"#ContactForm_ContactUs\" >\n\t\t\t\t\t\t\tEnvoyez-nous un message\t\t\t\t\t\t<\/a>\n\t\t\t\t\t<\/h3>\n\t\t\t\t\n\t\t\t\t\t\t\t\t\t<p class=\"elementor-icon-box-description\">\n\t\t\t\t\t\tRemplissez le formulaire de contact et nous vous contacterons bient\u00f4t.\t\t\t\t\t<\/p>\n\t\t\t\t\n\t\t\t<\/div>\n\t\t\t\n\t\t<\/div>\n\t\t\t\t\t\t<\/div>\n\t\t\t\t<\/div>\n\t\t\t\t<\/div>\n\t\t<div class=\"elementor-element elementor-element-ec62be3 e-con-full w_glass_bg e-flex elementor-invisible e-con e-child\" data-id=\"ec62be3\" data-element_type=\"container\" data-settings=\"{&quot;animation&quot;:&quot;fadeInUp&quot;,&quot;animation_delay&quot;:300}\">\n\t\t\t\t<div class=\"elementor-element elementor-element-ca25096 elementor-widget elementor-widget-html\" data-id=\"ca25096\" data-element_type=\"widget\" data-widget_type=\"html.default\">\n\t\t\t\t<div class=\"elementor-widget-container\">\n\t\t\t\t\t    <canvas id=\"w_phone\"  style=\"height:150px;transform: scale(0.9);\"><\/canvas>\n\t\t\t\t<\/div>\n\t\t\t\t<\/div>\n\t\t\t\t<div class=\"elementor-element elementor-element-69082c9 elementor-widget elementor-widget-icon-box\" data-id=\"69082c9\" data-element_type=\"widget\" data-widget_type=\"icon-box.default\">\n\t\t\t\t<div class=\"elementor-widget-container\">\n\t\t\t\t\t\t\t<div class=\"elementor-icon-box-wrapper\">\n\n\t\t\t\n\t\t\t\t\t\t<div class=\"elementor-icon-box-content\">\n\n\t\t\t\t\t\t\t\t\t<h3 class=\"elementor-icon-box-title\">\n\t\t\t\t\t\t<a href=\"tel:+15142223245\" target=\"_blank\" >\n\t\t\t\t\t\t\tPasser un coup de t\u00e9l\u00e9phone\t\t\t\t\t\t<\/a>\n\t\t\t\t\t<\/h3>\n\t\t\t\t\n\t\t\t\t\t\t\t\t\t<p class=\"elementor-icon-box-description\">\n\t\t\t\t\t\t<a href='tel:+15142223245'>+1 514 222 32 45<\/a>\t\t\t\t\t<\/p>\n\t\t\t\t\n\t\t\t<\/div>\n\t\t\t\n\t\t<\/div>\n\t\t\t\t\t\t<\/div>\n\t\t\t\t<\/div>\n\t\t\t\t<\/div>\n\t\t<div class=\"elementor-element elementor-element-193f4f1 e-con-full w_glass_bg e-flex elementor-invisible e-con e-child\" data-id=\"193f4f1\" data-element_type=\"container\" data-settings=\"{&quot;animation&quot;:&quot;fadeInUp&quot;,&quot;animation_delay&quot;:600}\">\n\t\t\t\t<div class=\"elementor-element elementor-element-ed455f2 elementor-widget elementor-widget-html\" data-id=\"ed455f2\" data-element_type=\"widget\" data-widget_type=\"html.default\">\n\t\t\t\t<div class=\"elementor-widget-container\">\n\t\t\t\t\t    <canvas id=\"w_Location\"  style=\"height:150px\"><\/canvas>\n\t\t\t\t<\/div>\n\t\t\t\t<\/div>\n\t\t\t\t<div class=\"elementor-element elementor-element-ec3717a elementor-widget elementor-widget-icon-box\" data-id=\"ec3717a\" data-element_type=\"widget\" data-widget_type=\"icon-box.default\">\n\t\t\t\t<div class=\"elementor-widget-container\">\n\t\t\t\t\t\t\t<div class=\"elementor-icon-box-wrapper\">\n\n\t\t\t\n\t\t\t\t\t\t<div class=\"elementor-icon-box-content\">\n\n\t\t\t\t\t\t\t\t\t<h3 class=\"elementor-icon-box-title\">\n\t\t\t\t\t\t<span  >\n\t\t\t\t\t\t\tNous sommes sur la carte\t\t\t\t\t\t<\/span>\n\t\t\t\t\t<\/h3>\n\t\t\t\t\n\t\t\t\t\t\t\t\t\t<p class=\"elementor-icon-box-description\">\n\t\t\t\t\t\tMontreal, QC Canada.\t\t\t\t\t<\/p>\n\t\t\t\t\n\t\t\t<\/div>\n\t\t\t\n\t\t<\/div>\n\t\t\t\t\t\t<\/div>\n\t\t\t\t<\/div>\n\t\t\t\t<\/div>\n\t\t\t\t<\/div>\n\t\t\t\t\t<\/div>\n\t\t\t\t<\/div>\n\t\t<div class=\"elementor-element elementor-element-19e58e8f e-flex e-con-boxed e-con e-parent\" data-id=\"19e58e8f\" data-element_type=\"container\" id=\"ContactForm_ContactUs\">\n\t\t\t\t\t<div class=\"e-con-inner\">\n\t\t<div class=\"elementor-element elementor-element-11557c73 e-con-full e-flex e-con e-child\" data-id=\"11557c73\" data-element_type=\"container\">\n\t\t<div class=\"elementor-element elementor-element-4f7d9707 w_glass_bg e-flex e-con-boxed e-con e-child\" data-id=\"4f7d9707\" data-element_type=\"container\" data-settings=\"{&quot;background_background&quot;:&quot;classic&quot;}\">\n\t\t\t\t\t<div class=\"e-con-inner\">\n\t\t\t\t<div class=\"elementor-element elementor-element-59327ab w_orange_btn elementor-widget elementor-widget-jet-form-builder-form\" data-id=\"59327ab\" data-element_type=\"widget\" data-widget_type=\"jet-form-builder-form.default\">\n\t\t\t\t<div class=\"elementor-widget-container\">\n\t\t\t\t\t<link rel='stylesheet' id='wp-block-library-css' href='https:\/\/webwin.ca\/wp-includes\/css\/dist\/block-library\/style.min.css' media='all' \/>\n<style id=\"jet-form-builder-12783-inline-css\"><\/style><form  class=\"jet-form-builder layout-column submit-type-reload\" action=\"https:\/\/webwin.ca\/fr\/wp-json\/wp\/v2\/pages\/12639\/?OgtUrb=rlnVJgu8Nn&amp;method=reload\" method=\"POST\" data-form-id=\"12783\" data-layout=\"column\" enctype=\"multipart\/form-data\" novalidate=\"null\" ssr_validation_method=\"rest\"><input type=\"hidden\" id=\"_wpnonce\" name=\"_wpnonce\" value=\"4d03d3a93d\" \/><input type=\"hidden\" name=\"_wp_http_referer\" value=\"\/fr\/wp-json\/wp\/v2\/pages\/12639\" \/>\r\n<input type=\"hidden\" name=\"_jfb_current_render_states[]\" value=\"DEFAULT.STATE\" data-jfb-sync \/><input type=\"hidden\" class=\"jet-form-builder__field hidden-field\" name=\"_jet_engine_booking_form_id\" data-field-name=\"_jet_engine_booking_form_id\" value=\"12783\">\n<input type=\"hidden\" class=\"jet-form-builder__field hidden-field\" name=\"_jet_engine_refer\" data-field-name=\"_jet_engine_refer\" value=\"https:\/\/webwin.ca\/fr\/wp-json\/wp\/v2\/pages\/12639\/\">\n<input type=\"hidden\" class=\"jet-form-builder__field hidden-field\" name=\"__queried_post_id\" data-field-name=\"__queried_post_id\" value=\"12639\">\n<div  data-validation-type=\"advanced\" data-validation-messages=\"{&quot;char_max&quot;:&quot;Veuillez r\u00e9duire la longueur du texte \u00e0 %this(maxLength)% caract\u00e8res ou moins (vous disposez actuellement de %this|length% caract\u00e8res).&quot;,&quot;empty&quot;:&quot;Veuillez remplir ce champ.&quot;}\" class=\"jet-form-builder-row field-type-text-field\" >\n<div class=\"jet-form-builder__label\">\r\n<div class=\"jet-form-builder__label-text\">Nom et pr\u00e9nom <span class=\"jet-form-builder__required\">*<\/span><\/div><\/div><div class=\"jet-form-builder__field-wrap\">\n\t\t\t\t<input placeholder=\"John Doe\" required=\"required\" name=\"wcu_full_name\" id=\"wcu_full_name\" type=\"text\" data-field-name=\"wcu_full_name\" class=\"jet-form-builder__field text-field w_fullname\" maxlength=\"100\" data-jfb-sync=\"null\" autocomplete=\"off_KAaQTfyc\">\n\t\t\t\t\t<\/div>\n<\/div>\n\n<div  data-validation-type=\"advanced\" data-validation-messages=\"{&quot;empty&quot;:&quot;Veuillez remplir ce champ.&quot;,&quot;char_max&quot;:&quot;Veuillez r\u00e9duire la longueur du texte \u00e0 %this(maxLength)% caract\u00e8res ou moins (vous disposez actuellement de %this|length% caract\u00e8res).&quot;,&quot;email&quot;:&quot;Veuillez saisir un email valide.&quot;}\" class=\"jet-form-builder-row field-type-text-field\" >\n<div class=\"jet-form-builder__label\">\r\n<div class=\"jet-form-builder__label-text\">E-mail <span class=\"jet-form-builder__required\">*<\/span><\/div><\/div><div class=\"jet-form-builder__field-wrap\">\n\t\t\t\t<input placeholder=\"example@gmail.com\" required=\"required\" name=\"wcu_email\" id=\"wcu_email\" type=\"email\" data-field-name=\"wcu_email\" class=\"jet-form-builder__field text-field\" maxlength=\"150\" data-jfb-sync=\"null\" autocomplete=\"off_52LGe19U\">\n\t\t\t\t\t<\/div>\n<\/div>\n\n\n<div class=\"wp-block-group w_countryCodeWrapper is-layout-constrained wp-block-group-is-layout-constrained\"><div  data-validation-type=\"advanced\" data-validation-rules=\"[{&quot;__visible&quot;:true,&quot;type&quot;:&quot;regexp&quot;,&quot;value&quot;:&quot;^\\\\d*$&quot;,&quot;message&quot;:&quot;Utilisez uniquement des chiffres (0-9).&quot;}]\" data-validation-messages=\"{&quot;char_min&quot;:&quot;Veuillez entrer un num\u00e9ro de t\u00e9l\u00e9phone valide&quot;,&quot;char_max&quot;:&quot;Veuillez r\u00e9duire la longueur du texte \u00e0 %this(maxLength)% caract\u00e8res ou moins (vous disposez actuellement de %this|length% caract\u00e8res).&quot;,&quot;empty&quot;:&quot;Veuillez remplir ce champ.&quot;}\" class=\"jet-form-builder-row field-type-text-field\" >\n<div class=\"jet-form-builder__label\">\r\n<div class=\"jet-form-builder__label-text\">Num\u00e9ro de t\u00e9l\u00e9phone <span class=\"jet-form-builder__required\">*<\/span><\/div><\/div><div class=\"jet-form-builder__field-wrap\">\n\t\t\t\t<input placeholder=\"1234567890\" required=\"required\" name=\"wsp_phone_number\" id=\"wsp_phone_number\" type=\"tel\" data-field-name=\"wsp_phone_number\" class=\"jet-form-builder__field text-field w_phone_number\" minlength=\"10\" maxlength=\"10\" data-jfb-sync=\"null\" autocomplete=\"off_ByJ0bvcp\">\n\t\t\t\t\t<\/div>\n<\/div>\n\n<div  data-validation-type=\"advanced\" class=\"jet-form-builder-row field-type-select-field wp-block-jet-forms-select-field\">\n<div class=\"jet-form-builder__field-wrap\">\n\t<select data-minimum-input-length=\"0\" class=\"jet-select-autocomplete jet-form-builder__field select-field w_countryCodeInput\" required=\"required\" name=\"wcu_country_code\" data-field-name=\"wcu_country_code\" id=\"wcu_country_code\" data-jfb-sync=\"null\">\n\t\t<option value=\"ca +1\" >\ud83c\udde8\ud83c\udde6 +1<\/option><option value=\"us +1\" >\ud83c\uddfa\ud83c\uddf8 +1<\/option><option value=\"de +49\" >\ud83c\udde9\ud83c\uddea +49<\/option><option value=\"gb +44\" >\ud83c\uddec\ud83c\udde7 +44<\/option><option value=\"ir +98\" >\ud83c\uddee\ud83c\uddf7 +98<\/option><option value=\"au +61\" >\ud83c\udde6\ud83c\uddfa +61<\/option>\t<\/select>\n<\/div>\n<\/div><\/div>\n\n\n<div  data-validation-type=\"advanced\" data-validation-messages=\"{&quot;char_max&quot;:&quot;Veuillez r\u00e9duire la longueur du texte \u00e0 %this(maxLength)% caract\u00e8res ou moins (vous disposez actuellement de %this|length% caract\u00e8res).&quot;,&quot;empty&quot;:&quot;Veuillez remplir ce champ.&quot;}\" class=\"jet-form-builder-row field-type-textarea-field\" >\n<div class=\"jet-form-builder__label\">\r\n<div class=\"jet-form-builder__label-text\">\u00c9crivez-nous<\/div><\/div><div class=\"jet-form-builder__field-wrap\">\n\t\t<textarea class=\"jet-form-builder__field textarea-field\" placeholder=\"\u00e9crivez-nous votre message ici.\" name=\"wcu_write_us\" data-field-name=\"wcu_write_us\" id=\"wcu_write_us\" data-jfb-sync=\"null\" maxlength=\"100\"><\/textarea>\n\t<\/div>\n<\/div>\n\n\n<div class=\"wp-block-group agree_to_theterms_wrapper is-layout-constrained wp-block-group-is-layout-constrained\"><div  class=\"jet-form-builder-row field-type-checkbox-field\" >\n<div class=\"jet-form-builder__label\">\r\n<div class=\"jet-form-builder__label-text\">Termes et conditions <span class=\"jet-form-builder__required\">*<\/span><\/div><\/div><div class=\"jet-form-builder__fields-group checkradio-wrap\" data-jfb-sync><div class=\"jet-form-builder__field-wrap checkboxes-wrap checkradio-wrap\"><label class=\"jet-form-builder__field-label for-checkbox\">\n\t\t\t<input type=\"checkbox\" name=\"agree_to_theterms\" value=\"I_am_agree\" data-field-name=\"agree_to_theterms\"  class=\"jet-form-builder__field checkboxes-field checkradio-field\" required=\"required\"><span>J'ai lu et j'accepte les <a target=\"_blank\" href=\"https:\/\/webwin.ca\/fr\/conditions-generales\/\">Conditions g\u00e9n\u00e9rales<\/a> et <a target=\"_blank\" href=\"https:\/\/webwin.ca\/fr\/politique-de-confidentialite\/\">Politique de confidentialit\u00e9<\/a> et consentement \u00e0 recevoir des courriels et des communications de Webwin.ca.<\/span><\/label><\/div><\/div>\n<\/div><\/div>\n\n\n\n<div class=\"wp-block-group is-content-justification-right is-nowrap is-layout-flex wp-container-core-group-is-layout-17124a9a wp-block-group-is-layout-flex\">\n<div class=\"jet-form-builder-row captcha-token-container\" data-validation-type=\"inherit\">\n\t<input type=\"hidden\" class=\"captcha-token\" name=\"_captcha_token\" value=\"\" data-jfb-sync required=\"required\">\n<\/div>\n\n\n<div class=\"jfb-visually-hidden\" tabindex=\"-1\"><div class=\"jet-form-builder__field-wrap\">\n\t\t\t\t<input name=\"email\" id=\"email\" type=\"email\" data-field-name=\"email\" class=\"jet-form-builder__field text-field\" data-jfb-sync=\"null\" autocomplete=\"off_lDZvMtTx\">\n\t\t\t\t\t<\/div><\/div><div  class=\"jet-form-builder-row field-type-submit-field\" >\n\t<div data-type=\"submit\" class=\"jet-form-builder__action-button-wrapper jet-form-builder__submit-wrap\">\n\t<button class=\"jet-form-builder__action-button jet-form-builder__submit submit-type-reload\" type=\"submit\">Envoyer<\/button>\n\t<\/div>\n\t\n<\/div><\/div>\n\t<div class=\"jet-form-builder-messages-wrap\" data-form-id=\"12783\"><\/div>\n<\/form>\n\t\t\t\t<\/div>\n\t\t\t\t<\/div>\n\t\t\t\t\t<\/div>\n\t\t\t\t<\/div>\n\t\t\t\t<\/div>\n\t\t<div class=\"elementor-element elementor-element-59b79323 e-con-full e-flex e-con e-child\" data-id=\"59b79323\" data-element_type=\"container\">\n\t\t<div class=\"elementor-element elementor-element-266b232f e-flex e-con-boxed e-con e-child\" data-id=\"266b232f\" data-element_type=\"container\">\n\t\t\t\t\t<div class=\"e-con-inner\">\n\t\t\t\t<div class=\"elementor-element elementor-element-c8904cb elementor-widget__width-inherit elementor-widget elementor-widget-heading\" data-id=\"c8904cb\" data-element_type=\"widget\" data-widget_type=\"heading.default\">\n\t\t\t\t<div class=\"elementor-widget-container\">\n\t\t\t\t\t<h2 class=\"elementor-heading-title elementor-size-default\">Votre Passerelle Vers Des Solutions Commerciales en Ligne Efficaces<\/h2>\t\t\t\t<\/div>\n\t\t\t\t<\/div>\n\t\t\t\t<div class=\"elementor-element elementor-element-d464ab3 elementor-widget elementor-widget-text-editor\" data-id=\"d464ab3\" data-element_type=\"widget\" data-widget_type=\"text-editor.default\">\n\t\t\t\t<div class=\"elementor-widget-container\">\n\t\t\t\t\t\t\t\t\t<p>Contactez-nous, \u00e9crivez-nous ou frappez \u00e0 notre porte.<br \/>Si vous pr\u00e9voyez de nous rendre visite en personne, pr\u00e9venez-nous \u00e0 l&rsquo;avance pour fixer un cr\u00e9neau horaire pour vous.<\/p><p>Nous serons heureux de vous rencontrer et de d\u00e9velopper efficacement votre activit\u00e9 en ligne.<\/p>\t\t\t\t\t\t\t\t<\/div>\n\t\t\t\t<\/div>\n\t\t\t\t<div class=\"elementor-element elementor-element-04b3257 elementor-tablet-align-left elementor-icon-list--layout-traditional elementor-list-item-link-full_width elementor-widget elementor-widget-icon-list\" data-id=\"04b3257\" data-element_type=\"widget\" data-widget_type=\"icon-list.default\">\n\t\t\t\t<div class=\"elementor-widget-container\">\n\t\t\t\t\t\t\t<ul class=\"elementor-icon-list-items\">\n\t\t\t\t\t\t\t<li class=\"elementor-icon-list-item\">\n\t\t\t\t\t\t\t\t\t\t<span class=\"elementor-icon-list-text\">Lundi - vendredi : 9:00 - 18:00<\/span>\n\t\t\t\t\t\t\t\t\t<\/li>\n\t\t\t\t\t\t\t\t<li class=\"elementor-icon-list-item\">\n\t\t\t\t\t\t\t\t\t\t<span class=\"elementor-icon-list-text\">Samedi : 10:00 - 16:00<\/span>\n\t\t\t\t\t\t\t\t\t<\/li>\n\t\t\t\t\t\t\t\t<li class=\"elementor-icon-list-item\">\n\t\t\t\t\t\t\t\t\t\t<span class=\"elementor-icon-list-text\">Dimanche : Ferm\u00e9<\/span>\n\t\t\t\t\t\t\t\t\t<\/li>\n\t\t\t\t\t\t<\/ul>\n\t\t\t\t\t\t<\/div>\n\t\t\t\t<\/div>\n\t\t\t\t\t<\/div>\n\t\t\t\t<\/div>\n\t\t\t\t<\/div>\n\t\t\t\t\t<\/div>\n\t\t\t\t<\/div>\n\t\t<div class=\"elementor-element elementor-element-7c7133 e-flex e-con-boxed e-con e-parent\" data-id=\"7c7133\" data-element_type=\"container\">\n\t\t\t\t\t<div class=\"e-con-inner\">\n\t\t<div class=\"elementor-element elementor-element-1488b0b9 e-con-full e-flex e-con e-child\" data-id=\"1488b0b9\" data-element_type=\"container\">\n\t\t<div class=\"elementor-element elementor-element-58289d48 e-con-full w_glass_bg e-flex e-con e-child\" data-id=\"58289d48\" data-element_type=\"container\" data-settings=\"{&quot;background_background&quot;:&quot;classic&quot;}\">\n\t\t<div class=\"elementor-element elementor-element-2c515c8 e-con-full e-flex e-con e-child\" data-id=\"2c515c8\" data-element_type=\"container\">\n\t\t\t\t<div class=\"elementor-element elementor-element-933bb85 elementor-widget__width-inherit elementor-widget elementor-widget-heading\" data-id=\"933bb85\" data-element_type=\"widget\" data-widget_type=\"heading.default\">\n\t\t\t\t<div class=\"elementor-widget-container\">\n\t\t\t\t\t<h2 class=\"elementor-heading-title elementor-size-default\">Vous voulez en savoir plus sur nous?<\/h2>\t\t\t\t<\/div>\n\t\t\t\t<\/div>\n\t\t\t\t<div class=\"elementor-element elementor-element-4fb7077 w_orange_btn elementor-mobile-align-center elementor-widget elementor-widget-button\" data-id=\"4fb7077\" data-element_type=\"widget\" data-widget_type=\"button.default\">\n\t\t\t\t<div class=\"elementor-widget-container\">\n\t\t\t\t\t\t\t\t\t<div class=\"elementor-button-wrapper\">\n\t\t\t\t\t<a class=\"elementor-button elementor-button-link elementor-size-sm\" href=\"https:\/\/webwin.ca\/fr\/a-propos-de-nous\/\">\n\t\t\t\t\t\t<span class=\"elementor-button-content-wrapper\">\n\t\t\t\t\t\t\t\t\t<span class=\"elementor-button-text\">\u00c0 Propos De Nous<\/span>\n\t\t\t\t\t<\/span>\n\t\t\t\t\t<\/a>\n\t\t\t\t<\/div>\n\t\t\t\t\t\t\t\t<\/div>\n\t\t\t\t<\/div>\n\t\t\t\t<\/div>\n\t\t\t\t<div class=\"elementor-element elementor-element-d298614 w_img_mask_bg bg3 elementor-widget__width-inherit elementor-widget elementor-widget-image\" data-id=\"d298614\" data-element_type=\"widget\" data-widget_type=\"image.default\">\n\t\t\t\t<div class=\"elementor-widget-container\">\n\t\t\t\t\t\t\t\t\t\t\t\t\t\t\t<img fetchpriority=\"high\" decoding=\"async\" width=\"539\" height=\"539\" src=\"https:\/\/webwin.ca\/wp-content\/uploads\/2023\/10\/CTA-About-new.png\" class=\"attachment-full size-full wp-image-6723\" alt=\"\" srcset=\"https:\/\/webwin.ca\/wp-content\/uploads\/2023\/10\/CTA-About-new.png.webp 539w, https:\/\/webwin.ca\/wp-content\/uploads\/2023\/10\/CTA-About-new-400x400.png.webp 400w, https:\/\/webwin.ca\/wp-content\/uploads\/2023\/10\/CTA-About-new-100x100.png.webp 100w, https:\/\/webwin.ca\/wp-content\/uploads\/2023\/10\/CTA-About-new-150x150.png.webp 150w\" sizes=\"(max-width: 539px) 100vw, 539px\" \/>\t\t\t\t\t\t\t\t\t\t\t\t\t\t\t<\/div>\n\t\t\t\t<\/div>\n\t\t\t\t<\/div>\n\t\t\t\t<\/div>\n\t\t\t\t\t<\/div>\n\t\t\t\t<\/div>\n\t\t\t\t<\/div>\n\t\t","protected":false},"excerpt":{"rendered":"<p>Le caf\u00e9 est offert On Se Retrouve Envoyez-nous un message Remplissez le formulaire de contact et nous vous contacterons bient\u00f4t. Passer un coup de t\u00e9l\u00e9phone Nous sommes sur la carte Nom et pr\u00e9nom * E-mail * Num\u00e9ro de t\u00e9l\u00e9phone * \ud83c\udde8\ud83c\udde6 +1\ud83c\uddfa\ud83c\uddf8 +1\ud83c\udde9\ud83c\uddea +49\ud83c\uddec\ud83c\udde7 +44\ud83c\uddee\ud83c\uddf7 +98\ud83c\udde6\ud83c\uddfa +61 \u00c9crivez-nous Termes et conditions * J&rsquo;ai lu et [&hellip;]<\/p>\n","protected":false},"author":1,"featured_media":0,"parent":0,"menu_order":0,"comment_status":"closed","ping_status":"closed","template":"","meta":{"footnotes":""},"class_list":["post-12639","page","type-page","status-publish","hentry"],"_links":{"self":[{"href":"https:\/\/webwin.ca\/fr\/wp-json\/wp\/v2\/pages\/12639","targetHints":{"allow":["GET"]}}],"collection":[{"href":"https:\/\/webwin.ca\/fr\/wp-json\/wp\/v2\/pages"}],"about":[{"href":"https:\/\/webwin.ca\/fr\/wp-json\/wp\/v2\/types\/page"}],"author":[{"embeddable":true,"href":"https:\/\/webwin.ca\/fr\/wp-json\/wp\/v2\/users\/1"}],"replies":[{"embeddable":true,"href":"https:\/\/webwin.ca\/fr\/wp-json\/wp\/v2\/comments?post=12639"}],"version-history":[{"count":0,"href":"https:\/\/webwin.ca\/fr\/wp-json\/wp\/v2\/pages\/12639\/revisions"}],"wp:attachment":[{"href":"https:\/\/webwin.ca\/fr\/wp-json\/wp\/v2\/media?parent=12639"}],"curies":[{"name":"wp","href":"https:\/\/api.w.org\/{rel}","templated":true}]}}